{"id":36,"date":"2026-03-15T17:06:59","date_gmt":"2026-03-15T17:06:59","guid":{"rendered":"https:\/\/cis.intic.gov.mz\/?page_id=36"},"modified":"2026-03-24T13:17:12","modified_gmt":"2026-03-24T13:17:12","slug":"sensibilizacao-e-formacao","status":"publish","type":"page","link":"https:\/\/cis.intic.gov.mz\/?page_id=36","title":{"rendered":"Consciencializa\u00e7\u00e3o e Forma\u00e7\u00e3o"},"content":{"rendered":"","protected":false},"excerpt":{"rendered":"","protected":false},"author":1,"featured_media":0,"parent":0,"menu_order":0,"comment_status":"closed","ping_status":"closed","template":"","meta":{"footnotes":""},"class_list":["post-36","page","type-page","status-publish","hentry"],"_links":{"self":[{"href":"https:\/\/cis.intic.gov.mz\/index.php?rest_route=\/wp\/v2\/pages\/36","targetHints":{"allow":["GET"]}}],"collection":[{"href":"https:\/\/cis.intic.gov.mz\/index.php?rest_route=\/wp\/v2\/pages"}],"about":[{"href":"https:\/\/cis.intic.gov.mz\/index.php?rest_route=\/wp\/v2\/types\/page"}],"author":[{"embeddable":true,"href":"https:\/\/cis.intic.gov.mz\/index.php?rest_route=\/wp\/v2\/users\/1"}],"replies":[{"embeddable":true,"href":"https:\/\/cis.intic.gov.mz\/index.php?rest_route=%2Fwp%2Fv2%2Fcomments&post=36"}],"version-history":[{"count":2,"href":"https:\/\/cis.intic.gov.mz\/index.php?rest_route=\/wp\/v2\/pages\/36\/revisions"}],"predecessor-version":[{"id":96,"href":"https:\/\/cis.intic.gov.mz\/index.php?rest_route=\/wp\/v2\/pages\/36\/revisions\/96"}],"wp:attachment":[{"href":"https:\/\/cis.intic.gov.mz\/index.php?rest_route=%2Fwp%2Fv2%2Fmedia&parent=36"}],"curies":[{"name":"wp","href":"https:\/\/api.w.org\/{rel}","templated":true}]}}